{"id":703,"date":"2024-11-04T00:02:17","date_gmt":"2024-11-04T00:02:17","guid":{"rendered":"https:\/\/rebel-bees.com\/?post_type=product&#038;p=703"},"modified":"2025-10-05T18:53:23","modified_gmt":"2025-10-05T18:53:23","slug":"board","status":"publish","type":"product","link":"https:\/\/rebel-bees.com\/hr\/proizvod\/board\/","title":{"rendered":"Rebel Bee Plo\u010da"},"content":{"rendered":"<div data-elementor-type=\"product-post\" data-elementor-id=\"703\" class=\"elementor elementor-703\">\n\t\t\t\t<div class=\"elementor-element elementor-element-375321d5 e-flex e-con-boxed e-con e-parent\" data-id=\"375321d5\" data-element_type=\"container\">\n\t\t\t\t\t<div class=\"e-con-inner\">\n\t\t\t\t<div class=\"elementor-element elementor-element-50fa6e71 elementor-widget elementor-widget-text-editor\" data-id=\"50fa6e71\" data-element_type=\"widget\" data-widget_type=\"text-editor.default\">\n\t\t\t\t<div class=\"elementor-widget-container\">\n\t\t\t<style>\/*! elementor - v3.21.0 - 08-05-2024 *\/\n.elementor-widget-text-editor.elementor-drop-cap-view-stacked .elementor-drop-cap{background-color:#69727d;color:#fff}.elementor-widget-text-editor.elementor-drop-cap-view-framed .elementor-drop-cap{color:#69727d;border:3px solid;background-color:transparent}.elementor-widget-text-editor:not(.elementor-drop-cap-view-default) .elementor-drop-cap{margin-top:8px}.elementor-widget-text-editor:not(.elementor-drop-cap-view-default) .elementor-drop-cap-letter{width:1em;height:1em}.elementor-widget-text-editor .elementor-drop-cap{float:left;text-align:center;line-height:1;font-size:50px}.elementor-widget-text-editor .elementor-drop-cap-letter{display:inline-block}<\/style>\t\t\t\t<p><strong>Spremi se za let i osvoji svijet ideja!<\/strong><\/p><p>Rebel Bee plo\u010da tvoje je mjesto gdje se ra\u0111aju snovi, razvijaju ideje i ostvaruju ciljevi! Bilo da igra\u0161 sam, s bratom, sestrom ili prijateljima, ova plo\u010da te vodi kroz uzbudljivo putovanje poduzetni\u0161tva i kreativnosti.<\/p><p>Rebel Bee \u0107e te nau\u010diti kako razviti ideju i zaraditi novce rade\u0107i ono \u0161to voli\u0161! Uz Rebel Bee \u0107e\u0161 otkriti i kako pametno upravljati svojim novcem. Kroz igru \u0107e\u0161 u\u010diti kako ga rasporediti, \u0161tedjeti, ulagati i dijeliti, ba\u0161 kao pravi poduzetnik.<\/p><p>U setu se nalaze <strong>ohrabruju\u0107e plo\u010dice<\/strong> za motivaciju, <strong>plo\u010dice s prijedlozima<\/strong> ideja za inspiraciju i <strong>plo\u010dice s brojevima<\/strong> kako bi planirao svoju zaradu. Organizira\u0161 svoj novac pomo\u0107u <strong>nov\u010danika<\/strong>, sprema\u0161 ga u <strong>trezor<\/strong>, i koristi\u0161 <strong>BEE plan<\/strong> kako bi svoju ideju razvio korak po korak. Uz naljepnice, mo\u017ee\u0161 promovirati svoje projekte i pokazati svijetu \u0161to sve mo\u017ee\u0161!<\/p><p><strong>Kreiraj, razmi\u0161ljaj i ostvari svoje ciljeve \u2013 jer svaki veliki poduzetnik jednom je bio mali sanjar!<\/strong><\/p>\t\t\t\t\t\t<\/div>\n\t\t\t\t<\/div>\n\t\t\t\t\t<\/div>\n\t\t\t\t<\/div>\n\t\t\t\t<\/div>","protected":false},"excerpt":{"rendered":"<p>Get Ready to Take Off and Conquer the World of Ideas! The Rebel Bee board is your space where dreams are born, ideas are developed, and goals are achieved! Whether you play alone, with your brother, sister, or friends, this board guides you through an exciting journey of entrepreneurship and creativity. Rebel Bee will teach [&hellip;]<\/p>","protected":false},"featured_media":769,"comment_status":"open","ping_status":"closed","template":"","meta":{"site-sidebar-layout":"default","site-content-layout":"","ast-site-content-layout":"default","site-content-style":"default","site-sidebar-style":"default","ast-global-header-display":"","ast-banner-title-visibility":"","ast-main-header-display":"","ast-hfb-above-header-display":"","ast-hfb-below-header-display":"","ast-hfb-mobile-header-display":"","site-post-title":"","ast-breadcrumbs-content":"","ast-featured-img":"","footer-sml-layout":"","theme-transparent-header-meta":"default","adv-header-id-meta":"","stick-header-meta":"","header-above-stick-meta":"","header-main-stick-meta":"","header-below-stick-meta":"","astra-migrate-meta-layouts":"set","ast-page-background-enabled":"default","ast-page-background-meta":{"desktop":{"background-color":"var(--ast-global-color-4)","background-image":"","background-repeat":"repeat","background-position":"center center","background-size":"auto","background-attachment":"scroll","background-type":"","background-media":"","overlay-type":"","overlay-color":"","overlay-opacity":"","overlay-gradient":""},"tablet":{"background-color":"","background-image":"","background-repeat":"repeat","background-position":"center center","background-size":"auto","background-attachment":"scroll","background-type":"","background-media":"","overlay-type":"","overlay-color":"","overlay-opacity":"","overlay-gradient":""},"mobile":{"background-color":"","background-image":"","background-repeat":"repeat","background-position":"center center","background-size":"auto","background-attachment":"scroll","background-type":"","background-media":"","overlay-type":"","overlay-color":"","overlay-opacity":"","overlay-gradient":""}},"ast-content-background-meta":{"desktop":{"background-color":"var(--ast-global-color-5)","background-image":"","background-repeat":"repeat","background-position":"center center","background-size":"auto","background-attachment":"scroll","background-type":"","background-media":"","overlay-type":"","overlay-color":"","overlay-opacity":"","overlay-gradient":""},"tablet":{"background-color":"var(--ast-global-color-5)","background-image":"","background-repeat":"repeat","background-position":"center center","background-size":"auto","background-attachment":"scroll","background-type":"","background-media":"","overlay-type":"","overlay-color":"","overlay-opacity":"","overlay-gradient":""},"mobile":{"background-color":"var(--ast-global-color-5)","background-image":"","background-repeat":"repeat","background-position":"center center","background-size":"auto","background-attachment":"scroll","background-type":"","background-media":"","overlay-type":"","overlay-color":"","overlay-opacity":"","overlay-gradient":""}}},"product_cat":[16],"product_tag":[],"class_list":{"0":"post-703","1":"product","2":"type-product","3":"status-publish","4":"has-post-thumbnail","6":"product_cat-uncategorized","7":"desktop-align-left","8":"tablet-align-left","9":"mobile-align-left","10":"ast-product-gallery-layout-vertical-slider","11":"ast-product-tabs-layout-accordion","12":"ast-qv-on-image","14":"first","15":"instock","16":"shipping-taxable","17":"product-type-simple"},"_links":{"self":[{"href":"https:\/\/rebel-bees.com\/hr\/wp-json\/wp\/v2\/product\/703","targetHints":{"allow":["GET"]}}],"collection":[{"href":"https:\/\/rebel-bees.com\/hr\/wp-json\/wp\/v2\/product"}],"about":[{"href":"https:\/\/rebel-bees.com\/hr\/wp-json\/wp\/v2\/types\/product"}],"replies":[{"embeddable":true,"href":"https:\/\/rebel-bees.com\/hr\/wp-json\/wp\/v2\/comments?post=703"}],"version-history":[{"count":9,"href":"https:\/\/rebel-bees.com\/hr\/wp-json\/wp\/v2\/product\/703\/revisions"}],"predecessor-version":[{"id":1013,"href":"https:\/\/rebel-bees.com\/hr\/wp-json\/wp\/v2\/product\/703\/revisions\/1013"}],"wp:featuredmedia":[{"embeddable":true,"href":"https:\/\/rebel-bees.com\/hr\/wp-json\/wp\/v2\/media\/769"}],"wp:attachment":[{"href":"https:\/\/rebel-bees.com\/hr\/wp-json\/wp\/v2\/media?parent=703"}],"wp:term":[{"taxonomy":"product_cat","embeddable":true,"href":"https:\/\/rebel-bees.com\/hr\/wp-json\/wp\/v2\/product_cat?post=703"},{"taxonomy":"product_tag","embeddable":true,"href":"https:\/\/rebel-bees.com\/hr\/wp-json\/wp\/v2\/product_tag?post=703"}],"curies":[{"name":"wp","href":"https:\/\/api.w.org\/{rel}","templated":true}]}}